{"id":53,"date":"2026-04-03T09:54:43","date_gmt":"2026-04-03T07:54:43","guid":{"rendered":"https:\/\/tubazarek.pl\/podkowka\/?post_type=product&#038;p=53"},"modified":"2026-04-26T09:19:42","modified_gmt":"2026-04-26T07:19:42","slug":"zestaw-serow-dojrzewajacych","status":"publish","type":"product","link":"https:\/\/tubazarek.pl\/podkowka\/produkt\/zestaw-serow-dojrzewajacych\/","title":{"rendered":"Zestaw ser\u00f3w dojrzewaj\u0105cych"},"content":{"rendered":"<p class=\"p1\">Starannie skomponowany zestaw rzemie\u015blniczych ser\u00f3w dojrzewaj\u0105cych wytwarzanych z pe\u0142nego mleka od kr\u00f3w z w\u0142asnego gospodarstwa.<\/p>\n<p class=\"p1\">Krowy s\u0105 dojone r\u0119cznie, a mleko jest niepasteryzowane dla zachowania pe\u0142ni smaku.<br \/>\nKa\u017cda partia powstaje z dba\u0142o\u015bci\u0105 o smak i naturalny sk\u0142ad.<\/p>\n<p class=\"p1\">Okres dojrzewania sera: <b>oko\u0142o 5 tygodni<\/b>.<\/p>\n<p class=\"p1\">Zestaw idealny do degustacji, na desk\u0119 ser\u00f3w, spotkania rodzinne lub jako elegancki prezent dla mi\u0142o\u015bnik\u00f3w naturalnych produkt\u00f3w.<br \/>\nAutentyczny smak natury, kt\u00f3ry czu\u0107 w ka\u017cdym kawa\u0142ku.<\/p>\n<p class=\"p2\"><b>&#8222;Degustacyjna niespodzianka&#8221; &#8211; w sk\u0142ad zestawu wchodz\u0105 4 losowe sery z 5 dost\u0119pnych opcji:<br \/>\n<\/b><\/p>\n<ul class=\"ul1\">\n<li class=\"li1\">ser dojrzewaj\u0105cy z czosnkiem nied\u017awiedzim<\/li>\n<li class=\"li1\">ser dojrzewaj\u0105cy z kozieradk\u0105<\/li>\n<li class=\"li1\">ser dojrzewaj\u0105cy z czarnuszk\u0105<\/li>\n<li class=\"li1\">ser dojrzewaj\u0105cy z czosnkiem nied\u017awiedzim\/czosnkiem granulowanym\/bazyli\u0105 i p\u0142atkami pomidor\u00f3w<\/li>\n<li>ser dojrzewaj\u0105cy z nitkami chili<\/li>\n<\/ul>\n<p class=\"p2\"><b>Sk\u0142ad<\/b><\/p>\n<ul class=\"ul1\">\n<li class=\"li1\">mleko<\/li>\n<li class=\"li1\">kultury bakterii<\/li>\n<li class=\"li1\">podpuszczka naturalna lub mikrobiologiczna<\/li>\n<li class=\"li1\">przyprawy<\/li>\n<li class=\"li1\">s\u00f3l<\/li>\n<\/ul>\n<p class=\"p2\"><b>Przechowywanie<\/b><\/p>\n<p class=\"p1\">Temperatura <b>2\u20136\u00b0C<\/b><\/p>\n<p class=\"p2\"><b>Masa netto<\/b><\/p>\n<p class=\"p1\"><b>260 g \u00b15%<\/b><\/p>\n<p class=\"p1\">Produkt mo\u017ce zawiera\u0107: gluten, gorczyc\u0119, orzechy, orzechy ziemne, seler, sezam, soj\u0119, dwutlenek siarki.<\/p>\n<p class=\"p1\">Dost\u0119pno\u015b\u0107 produktu zale\u017cna od bie\u017c\u0105cej produkcji.<\/p>\n","protected":false},"excerpt":{"rendered":"<p>Wysy\u0142ka: <strong>w ka\u017cd\u0105 \u015brod\u0119<\/strong><br \/>\nPrzewidywany dzie\u0144 dostawy: <b>czwartek<\/b><br \/>\nKoszt dostawy: <b>18 z\u0142<\/b><br \/>\nRodzaj dostawy: <b>paczkomat<\/b><\/p>\n","protected":false},"featured_media":74,"comment_status":"open","ping_status":"closed","template":"","meta":{"_acf_changed":false},"product_brand":[],"product_cat":[43,41],"product_tag":[],"shop_name":[],"region":[],"class_list":{"0":"post-53","1":"product","2":"type-product","3":"status-publish","4":"has-post-thumbnail","6":"product_cat-ser","7":"product_cat-zywnosc","9":"first","10":"instock","11":"shipping-taxable","12":"purchasable","13":"product-type-simple"},"acf":[],"_links":{"self":[{"href":"https:\/\/tubazarek.pl\/podkowka\/wp-json\/wp\/v2\/product\/53","targetHints":{"allow":["GET"]}}],"collection":[{"href":"https:\/\/tubazarek.pl\/podkowka\/wp-json\/wp\/v2\/product"}],"about":[{"href":"https:\/\/tubazarek.pl\/podkowka\/wp-json\/wp\/v2\/types\/product"}],"replies":[{"embeddable":true,"href":"https:\/\/tubazarek.pl\/podkowka\/wp-json\/wp\/v2\/comments?post=53"}],"wp:featuredmedia":[{"embeddable":true,"href":"https:\/\/tubazarek.pl\/podkowka\/wp-json\/wp\/v2\/media\/74"}],"wp:attachment":[{"href":"https:\/\/tubazarek.pl\/podkowka\/wp-json\/wp\/v2\/media?parent=53"}],"wp:term":[{"taxonomy":"product_brand","embeddable":true,"href":"https:\/\/tubazarek.pl\/podkowka\/wp-json\/wp\/v2\/product_brand?post=53"},{"taxonomy":"product_cat","embeddable":true,"href":"https:\/\/tubazarek.pl\/podkowka\/wp-json\/wp\/v2\/product_cat?post=53"},{"taxonomy":"product_tag","embeddable":true,"href":"https:\/\/tubazarek.pl\/podkowka\/wp-json\/wp\/v2\/product_tag?post=53"},{"taxonomy":"shop_name","embeddable":true,"href":"https:\/\/tubazarek.pl\/podkowka\/wp-json\/wp\/v2\/shop_name?post=53"},{"taxonomy":"region","embeddable":true,"href":"https:\/\/tubazarek.pl\/podkowka\/wp-json\/wp\/v2\/region?post=53"}],"curies":[{"name":"wp","href":"https:\/\/api.w.org\/{rel}","templated":true}]}}