{"id":5,"date":"2026-03-09T17:55:16","date_gmt":"2026-03-09T16:55:16","guid":{"rendered":"https:\/\/tubazarek.pl\/podkowka\/koszyk\/"},"modified":"2026-04-10T14:17:47","modified_gmt":"2026-04-10T12:17:47","slug":"koszyk","status":"publish","type":"page","link":"https:\/\/tubazarek.pl\/podkowka\/koszyk\/","title":{"rendered":"Koszyk"},"content":{"rendered":"\n<div data-block-name=\"woocommerce\/cart\" class=\"wp-block-woocommerce-cart alignwide is-loading\">\n<div data-block-name=\"woocommerce\/filled-cart-block\" class=\"wp-block-woocommerce-filled-cart-block\">\n<div data-block-name=\"woocommerce\/cart-items-block\" class=\"wp-block-woocommerce-cart-items-block\">\n<div data-block-name=\"woocommerce\/cart-line-items-block\" class=\"wp-block-woocommerce-cart-line-items-block\"><\/div>\n\n\n<\/div>\n\n\n\n\n<div data-block-name=\"woocommerce\/cart-totals-block\" class=\"wp-block-woocommerce-cart-totals-block\">\n<div data-block-name=\"woocommerce\/cart-order-summary-block\" class=\"wp-block-woocommerce-cart-order-summary-block\">\n<div data-block-name=\"woocommerce\/cart-order-summary-heading-block\" class=\"wp-block-woocommerce-cart-order-summary-heading-block\"><\/div><div data-block-name=\"woocommerce\/cart-order-summary-coupon-form-block\" class=\"wp-block-woocommerce-cart-order-summary-coupon-form-block\"><\/div><div data-block-name=\"woocommerce\/cart-order-summary-totals-block\" class=\"wp-block-woocommerce-cart-order-summary-totals-block\">\n<div data-block-name=\"woocommerce\/cart-order-summary-subtotal-block\" class=\"wp-block-woocommerce-cart-order-summary-subtotal-block\"><\/div>\n<div data-block-name=\"woocommerce\/cart-order-summary-discount-block\" class=\"wp-block-woocommerce-cart-order-summary-discount-block\"><\/div>\n<div data-block-name=\"woocommerce\/cart-order-summary-fee-block\" class=\"wp-block-woocommerce-cart-order-summary-fee-block\"><\/div>\n<div data-block-name=\"woocommerce\/cart-order-summary-shipping-block\" class=\"wp-block-woocommerce-cart-order-summary-shipping-block\"><\/div>\n<div data-block-name=\"woocommerce\/cart-order-summary-taxes-block\" class=\"wp-block-woocommerce-cart-order-summary-taxes-block\"><\/div><\/div>\n<\/div>\n\n\n\n<div data-block-name=\"woocommerce\/cart-express-payment-block\" class=\"wp-block-woocommerce-cart-express-payment-block\"><\/div>\n\n\n\n<div data-block-name=\"woocommerce\/proceed-to-checkout-block\" class=\"wp-block-woocommerce-proceed-to-checkout-block\"><\/div>\n\n\n\n<div data-block-name=\"woocommerce\/cart-accepted-payment-methods-block\" class=\"wp-block-woocommerce-cart-accepted-payment-methods-block\"><\/div>\n<\/div>\n<\/div>\n\n\n\n<div data-block-name=\"woocommerce\/empty-cart-block\" class=\"wp-block-woocommerce-empty-cart-block\">\n<h2 class=\"wp-block-heading has-text-align-center with-empty-cart-icon wc-block-cart__empty-cart__title\">Tw\u00f3j koszyk jest obecnie pusty!<\/h2>\n\n\n\n<hr class=\"wp-block-separator has-alpha-channel-opacity is-style-dots\"\/>\n\n\n\n<h2 class=\"wp-block-heading has-text-align-center\">Nowe w sklepie<\/h2>\n\n\n<div data-block-name=\"woocommerce\/product-new\" data-columns=\"4\" data-rows=\"1\" class=\"wc-block-grid wp-block-product-new wp-block-woocommerce-product-new wc-block-product-new has-4-columns\"><ul class=\"wc-block-grid__products\"><li class=\"wc-block-grid__product\">\n\t\t\t\t<a href=\"https:\/\/tubazarek.pl\/podkowka\/produkt\/zestaw-serow-dojrzewajacych\/\" class=\"wc-block-grid__product-link\">\n\t\t\t\t\t\n\t\t\t\t\t<div class=\"wc-block-grid__product-image\"><img loading=\"lazy\" decoding=\"async\" width=\"324\" height=\"324\" src=\"https:\/\/tubazarek.pl\/podkowka\/wp-content\/uploads\/sites\/6\/2026\/04\/zesta-regionalnych-serow-dojrzewajacych-tubazarek4-324x324.webp\" class=\"attachment-woocommerce_thumbnail size-woocommerce_thumbnail\" alt=\"Zestaw ser\u00f3w dojrzewaj\u0105cych\" srcset=\"https:\/\/tubazarek.pl\/podkowka\/wp-content\/uploads\/sites\/6\/2026\/04\/zesta-regionalnych-serow-dojrzewajacych-tubazarek4-324x324.webp 324w, https:\/\/tubazarek.pl\/podkowka\/wp-content\/uploads\/sites\/6\/2026\/04\/zesta-regionalnych-serow-dojrzewajacych-tubazarek4-150x150.webp 150w, https:\/\/tubazarek.pl\/podkowka\/wp-content\/uploads\/sites\/6\/2026\/04\/zesta-regionalnych-serow-dojrzewajacych-tubazarek4-600x600.webp 600w, https:\/\/tubazarek.pl\/podkowka\/wp-content\/uploads\/sites\/6\/2026\/04\/zesta-regionalnych-serow-dojrzewajacych-tubazarek4-100x100.webp 100w\" sizes=\"auto, (max-width: 324px) 100vw, 324px\" \/><\/div>\n\t\t\t\t\t<div class=\"wc-block-grid__product-title\">Zestaw ser\u00f3w dojrzewaj\u0105cych<\/div>\n\t\t\t\t<\/a>\n\t\t\t\t<div class=\"wc-block-grid__product-price price\"><span class=\"woocommerce-Price-amount amount\">26,00&nbsp;<span class=\"woocommerce-Price-currencySymbol\">&#122;&#322;<\/span><\/span><\/div>\n\t\t\t\t\n\t\t\t\t<div class=\"wp-block-button wc-block-grid__product-add-to-cart\"><a href=\"\/podkowka\/wp-json\/wp\/v2\/pages\/5?add-to-cart=53\" aria-label=\"Dodaj do koszyka: &bdquo;Zestaw ser\u00f3w dojrzewaj\u0105cych&rdquo;\" data-quantity=\"1\" data-product_id=\"53\" data-product_sku=\"\" data-price=\"26\" rel=\"nofollow\" class=\"wp-block-button__link  add_to_cart_button ajax_add_to_cart\">Dodaj do koszyka<\/a><\/div>\n\t\t\t<\/li><li class=\"wc-block-grid__product\">\n\t\t\t\t<a href=\"https:\/\/tubazarek.pl\/podkowka\/produkt\/ser-dojrzewajacy-z-czosnkiem-niedzwiedzim-czosnkiem-granulowanym-bazylia-i-platkami-pomidorow\/\" class=\"wc-block-grid__product-link\">\n\t\t\t\t\t\n\t\t\t\t\t<div class=\"wc-block-grid__product-image\"><img loading=\"lazy\" decoding=\"async\" width=\"324\" height=\"324\" src=\"https:\/\/tubazarek.pl\/podkowka\/wp-content\/uploads\/sites\/6\/2026\/04\/serj-dojrzewajacy-z-czosnkiem-niedzwiedzim-czosnkiem-granulowanym-bazylia-platkami-pomidorow3-324x324.webp\" class=\"attachment-woocommerce_thumbnail size-woocommerce_thumbnail\" alt=\"Ser dojrzewaj\u0105cy z czosnkiem nied\u017awiedzim, czosnkiem granulowanym, bazyli\u0105 i p\u0142atkami pomidor\u00f3w\" srcset=\"https:\/\/tubazarek.pl\/podkowka\/wp-content\/uploads\/sites\/6\/2026\/04\/serj-dojrzewajacy-z-czosnkiem-niedzwiedzim-czosnkiem-granulowanym-bazylia-platkami-pomidorow3-324x324.webp 324w, https:\/\/tubazarek.pl\/podkowka\/wp-content\/uploads\/sites\/6\/2026\/04\/serj-dojrzewajacy-z-czosnkiem-niedzwiedzim-czosnkiem-granulowanym-bazylia-platkami-pomidorow3-150x150.webp 150w, https:\/\/tubazarek.pl\/podkowka\/wp-content\/uploads\/sites\/6\/2026\/04\/serj-dojrzewajacy-z-czosnkiem-niedzwiedzim-czosnkiem-granulowanym-bazylia-platkami-pomidorow3-600x600.webp 600w, https:\/\/tubazarek.pl\/podkowka\/wp-content\/uploads\/sites\/6\/2026\/04\/serj-dojrzewajacy-z-czosnkiem-niedzwiedzim-czosnkiem-granulowanym-bazylia-platkami-pomidorow3-100x100.webp 100w\" sizes=\"auto, (max-width: 324px) 100vw, 324px\" \/><\/div>\n\t\t\t\t\t<div class=\"wc-block-grid__product-title\">Ser dojrzewaj\u0105cy z czosnkiem nied\u017awiedzim, czosnkiem granulowanym, bazyli\u0105 i p\u0142atkami pomidor\u00f3w<\/div>\n\t\t\t\t<\/a>\n\t\t\t\t<div class=\"wc-block-grid__product-price price\"><span class=\"woocommerce-Price-amount amount\">26,00&nbsp;<span class=\"woocommerce-Price-currencySymbol\">&#122;&#322;<\/span><\/span><\/div>\n\t\t\t\t\n\t\t\t\t<div class=\"wp-block-button wc-block-grid__product-add-to-cart\"><a href=\"\/podkowka\/wp-json\/wp\/v2\/pages\/5?add-to-cart=51\" aria-label=\"Dodaj do koszyka: &bdquo;Ser dojrzewaj\u0105cy z czosnkiem nied\u017awiedzim, czosnkiem granulowanym, bazyli\u0105 i p\u0142atkami pomidor\u00f3w&rdquo;\" data-quantity=\"1\" data-product_id=\"51\" data-product_sku=\"\" data-price=\"26\" rel=\"nofollow\" class=\"wp-block-button__link  add_to_cart_button ajax_add_to_cart\">Dodaj do koszyka<\/a><\/div>\n\t\t\t<\/li><li class=\"wc-block-grid__product\">\n\t\t\t\t<a href=\"https:\/\/tubazarek.pl\/podkowka\/produkt\/ser-dojrzewajacy-z-nitkami-chili\/\" class=\"wc-block-grid__product-link\">\n\t\t\t\t\t\n\t\t\t\t\t<div class=\"wc-block-grid__product-image\"><img loading=\"lazy\" decoding=\"async\" width=\"324\" height=\"324\" src=\"https:\/\/tubazarek.pl\/podkowka\/wp-content\/uploads\/sites\/6\/2026\/04\/ser-dojrzewajacy-z-nitkami-chili-produkt-regionalny-tubazarek2-324x324.webp\" class=\"attachment-woocommerce_thumbnail size-woocommerce_thumbnail\" alt=\"Ser dojrzewaj\u0105cy z nitkami chili\" srcset=\"https:\/\/tubazarek.pl\/podkowka\/wp-content\/uploads\/sites\/6\/2026\/04\/ser-dojrzewajacy-z-nitkami-chili-produkt-regionalny-tubazarek2-324x324.webp 324w, https:\/\/tubazarek.pl\/podkowka\/wp-content\/uploads\/sites\/6\/2026\/04\/ser-dojrzewajacy-z-nitkami-chili-produkt-regionalny-tubazarek2-150x150.webp 150w, https:\/\/tubazarek.pl\/podkowka\/wp-content\/uploads\/sites\/6\/2026\/04\/ser-dojrzewajacy-z-nitkami-chili-produkt-regionalny-tubazarek2-600x600.webp 600w, https:\/\/tubazarek.pl\/podkowka\/wp-content\/uploads\/sites\/6\/2026\/04\/ser-dojrzewajacy-z-nitkami-chili-produkt-regionalny-tubazarek2-100x100.webp 100w\" sizes=\"auto, (max-width: 324px) 100vw, 324px\" \/><\/div>\n\t\t\t\t\t<div class=\"wc-block-grid__product-title\">Ser dojrzewaj\u0105cy z nitkami chili<\/div>\n\t\t\t\t<\/a>\n\t\t\t\t<div class=\"wc-block-grid__product-price price\"><span class=\"woocommerce-Price-amount amount\">26,00&nbsp;<span class=\"woocommerce-Price-currencySymbol\">&#122;&#322;<\/span><\/span><\/div>\n\t\t\t\t\n\t\t\t\t<div class=\"wp-block-button wc-block-grid__product-add-to-cart\"><a href=\"https:\/\/tubazarek.pl\/podkowka\/produkt\/ser-dojrzewajacy-z-nitkami-chili\/\" aria-label=\"Przeczytaj wi\u0119cej o &bdquo;Ser dojrzewaj\u0105cy z nitkami chili&rdquo;\" data-quantity=\"1\" data-product_id=\"50\" data-product_sku=\"\" data-price=\"26\" rel=\"nofollow\" class=\"wp-block-button__link  add_to_cart_button\">Dowiedz si\u0119 wi\u0119cej<\/a><\/div>\n\t\t\t<\/li><li class=\"wc-block-grid__product\">\n\t\t\t\t<a href=\"https:\/\/tubazarek.pl\/podkowka\/produkt\/ser-dojrzewajacy-z-czarnuszka\/\" class=\"wc-block-grid__product-link\">\n\t\t\t\t\t\n\t\t\t\t\t<div class=\"wc-block-grid__product-image\"><img loading=\"lazy\" decoding=\"async\" width=\"324\" height=\"324\" src=\"https:\/\/tubazarek.pl\/podkowka\/wp-content\/uploads\/sites\/6\/2026\/04\/ser-dojrzewajacy-z-czarnuksza-tubazarek-324x324.webp\" class=\"attachment-woocommerce_thumbnail size-woocommerce_thumbnail\" alt=\"Ser dojrzewaj\u0105cy z czarnuszk\u0105\" srcset=\"https:\/\/tubazarek.pl\/podkowka\/wp-content\/uploads\/sites\/6\/2026\/04\/ser-dojrzewajacy-z-czarnuksza-tubazarek-324x324.webp 324w, https:\/\/tubazarek.pl\/podkowka\/wp-content\/uploads\/sites\/6\/2026\/04\/ser-dojrzewajacy-z-czarnuksza-tubazarek-150x150.webp 150w, https:\/\/tubazarek.pl\/podkowka\/wp-content\/uploads\/sites\/6\/2026\/04\/ser-dojrzewajacy-z-czarnuksza-tubazarek-600x600.webp 600w, https:\/\/tubazarek.pl\/podkowka\/wp-content\/uploads\/sites\/6\/2026\/04\/ser-dojrzewajacy-z-czarnuksza-tubazarek-100x100.webp 100w\" sizes=\"auto, (max-width: 324px) 100vw, 324px\" \/><\/div>\n\t\t\t\t\t<div class=\"wc-block-grid__product-title\">Ser dojrzewaj\u0105cy z czarnuszk\u0105<\/div>\n\t\t\t\t<\/a>\n\t\t\t\t<div class=\"wc-block-grid__product-price price\"><span class=\"woocommerce-Price-amount amount\">26,00&nbsp;<span class=\"woocommerce-Price-currencySymbol\">&#122;&#322;<\/span><\/span><\/div>\n\t\t\t\t\n\t\t\t\t<div class=\"wp-block-button wc-block-grid__product-add-to-cart\"><a href=\"\/podkowka\/wp-json\/wp\/v2\/pages\/5?add-to-cart=27\" aria-label=\"Dodaj do koszyka: &bdquo;Ser dojrzewaj\u0105cy z czarnuszk\u0105&rdquo;\" data-quantity=\"1\" data-product_id=\"27\" data-product_sku=\"\" data-price=\"26\" rel=\"nofollow\" class=\"wp-block-button__link  add_to_cart_button ajax_add_to_cart\">Dodaj do koszyka<\/a><\/div>\n\t\t\t<\/li><\/ul><\/div><\/div>\n<\/div>\n","protected":false},"excerpt":{"rendered":"","protected":false},"author":1,"featured_media":0,"parent":0,"menu_order":0,"comment_status":"closed","ping_status":"closed","template":"","meta":{"_acf_changed":false,"footnotes":""},"class_list":["post-5","page","type-page","status-publish","hentry"],"acf":[],"_links":{"self":[{"href":"https:\/\/tubazarek.pl\/podkowka\/wp-json\/wp\/v2\/pages\/5","targetHints":{"allow":["GET"]}}],"collection":[{"href":"https:\/\/tubazarek.pl\/podkowka\/wp-json\/wp\/v2\/pages"}],"about":[{"href":"https:\/\/tubazarek.pl\/podkowka\/wp-json\/wp\/v2\/types\/page"}],"author":[{"embeddable":true,"href":"https:\/\/tubazarek.pl\/podkowka\/wp-json\/wp\/v2\/users\/1"}],"replies":[{"embeddable":true,"href":"https:\/\/tubazarek.pl\/podkowka\/wp-json\/wp\/v2\/comments?post=5"}],"version-history":[{"count":1,"href":"https:\/\/tubazarek.pl\/podkowka\/wp-json\/wp\/v2\/pages\/5\/revisions"}],"predecessor-version":[{"id":28,"href":"https:\/\/tubazarek.pl\/podkowka\/wp-json\/wp\/v2\/pages\/5\/revisions\/28"}],"wp:attachment":[{"href":"https:\/\/tubazarek.pl\/podkowka\/wp-json\/wp\/v2\/media?parent=5"}],"curies":[{"name":"wp","href":"https:\/\/api.w.org\/{rel}","templated":true}]}}