{"id":16,"date":"2026-02-09T12:32:43","date_gmt":"2026-02-09T12:32:43","guid":{"rendered":"https:\/\/tubazarek.pl\/chleb\/?post_type=product&#038;p=16"},"modified":"2026-03-13T13:17:27","modified_gmt":"2026-03-13T13:17:27","slug":"chleb-plaskurnik-2-pak","status":"publish","type":"product","link":"https:\/\/tubazarek.pl\/chleb\/product\/chleb-plaskurnik-2-pak\/","title":{"rendered":"Chleb P\u0142askurnik \u2013 2 pak"},"content":{"rendered":"<p>Chleb z m\u0105ki z p\u0142askurki na \u017cytnim zakwasie.<\/p>\n<p>Proces technologiczny wypieku oparty jest na dojrza\u0142ym, naturalnym zakwasie \u017cytnim, kt\u00f3rego fermentacja by\u0142a prowadzona w piekarnii i trwa\u0142a 24-26h. <\/p>\n<p>&nbsp;<\/p>\n<h2>Szczeg\u00f3\u0142y oferty<\/h2>\n<p>W paczce otrzymasz: <strong>2 chleby (2 x 1000 g <\/strong>[+-3%]<strong>)<\/strong>.<\/p>\n<p>Przewidywany dzie\u0144 dostawy: <strong>czwartek<\/strong>.<\/p>\n<p>Koszt dostawy: <strong>15 &#8211; 18 z\u0142 <\/strong>(koszt wysy\u0142ki zostanie wliczony w cen\u0119 chleba na paragonie fiskalnym).<\/p>\n<p>Rodzaj dostawy: <strong>paczkomat<\/strong>.<\/p>\n<p>&nbsp;<\/p>\n<h2>Sk\u0142ad<\/h2>\n<ul>\n<li><strong>m\u0105ka p\u0142askurka*<\/strong><\/li>\n<li>woda<\/li>\n<li>zakwas naturalny \u017cytni<\/li>\n<li>s\u00f3l<\/li>\n<\/ul>\n<p><strong>Masa netto:<\/strong> 1000 g +- 3%<\/p>\n<p><strong>*<\/strong>alergen<\/p>\n<p>&nbsp;<\/p>\n<h2>Warto\u015bci od\u017cywcze w 100 g<\/h2>\n<ul>\n<li>warto\u015b\u0107 energetyczna: 284 kcal<\/li>\n<li>t\u0142uszcz: 2,5 g<\/li>\n<li>w\u0119glowodany: 54,0 g<\/li>\n<li>w tym cukry: 0,7 g<\/li>\n<li>b\u0142onnik: 8 g<\/li>\n<li>bia\u0142ko: 9g<\/li>\n<li>s\u00f3l: 0,9 g<\/li>\n<\/ul>\n<p>&nbsp;<\/p>\n","protected":false},"excerpt":{"rendered":"<p>Wysy\u0142ka w ka\u017cd\u0105 \u015brod\u0119<\/p>\n","protected":false},"featured_media":23,"comment_status":"open","ping_status":"closed","template":"","meta":{"_acf_changed":false},"product_brand":[],"product_cat":[45,44],"product_tag":[],"shop_name":[],"region":[],"class_list":{"0":"post-16","1":"product","2":"type-product","3":"status-publish","4":"has-post-thumbnail","6":"product_cat-chleb","7":"product_cat-zywnosc","9":"first","10":"instock","11":"featured","12":"taxable","13":"shipping-taxable","14":"purchasable","15":"product-type-simple"},"acf":[],"_links":{"self":[{"href":"https:\/\/tubazarek.pl\/chleb\/wp-json\/wp\/v2\/product\/16","targetHints":{"allow":["GET"]}}],"collection":[{"href":"https:\/\/tubazarek.pl\/chleb\/wp-json\/wp\/v2\/product"}],"about":[{"href":"https:\/\/tubazarek.pl\/chleb\/wp-json\/wp\/v2\/types\/product"}],"replies":[{"embeddable":true,"href":"https:\/\/tubazarek.pl\/chleb\/wp-json\/wp\/v2\/comments?post=16"}],"wp:featuredmedia":[{"embeddable":true,"href":"https:\/\/tubazarek.pl\/chleb\/wp-json\/wp\/v2\/media\/23"}],"wp:attachment":[{"href":"https:\/\/tubazarek.pl\/chleb\/wp-json\/wp\/v2\/media?parent=16"}],"wp:term":[{"taxonomy":"product_brand","embeddable":true,"href":"https:\/\/tubazarek.pl\/chleb\/wp-json\/wp\/v2\/product_brand?post=16"},{"taxonomy":"product_cat","embeddable":true,"href":"https:\/\/tubazarek.pl\/chleb\/wp-json\/wp\/v2\/product_cat?post=16"},{"taxonomy":"product_tag","embeddable":true,"href":"https:\/\/tubazarek.pl\/chleb\/wp-json\/wp\/v2\/product_tag?post=16"},{"taxonomy":"shop_name","embeddable":true,"href":"https:\/\/tubazarek.pl\/chleb\/wp-json\/wp\/v2\/shop_name?post=16"},{"taxonomy":"region","embeddable":true,"href":"https:\/\/tubazarek.pl\/chleb\/wp-json\/wp\/v2\/region?post=16"}],"curies":[{"name":"wp","href":"https:\/\/api.w.org\/{rel}","templated":true}]}}