{"id":15,"date":"2026-02-09T12:32:43","date_gmt":"2026-02-09T12:32:43","guid":{"rendered":"https:\/\/tubazarek.pl\/chleb\/?post_type=product&#038;p=15"},"modified":"2026-03-13T13:17:24","modified_gmt":"2026-03-13T13:17:24","slug":"chleb-pszenzyt-2-pak","status":"publish","type":"product","link":"https:\/\/tubazarek.pl\/chleb\/product\/chleb-pszenzyt-2-pak\/","title":{"rendered":"Chleb Pszen\u017cyt \u2013 2 pak"},"content":{"rendered":"<p>Chleb z m\u0105ki pszenno-\u017cytniej na zakwasie.<\/p>\n<p>&nbsp;<\/p>\n<h2>Szczeg\u00f3\u0142y oferty<\/h2>\n<p>W paczce otrzymasz: <strong>2 chleby (2 x 930 g <\/strong>[+-3%]<strong>)<\/strong>.<\/p>\n<p>Przewidywany dzie\u0144 dostawy: <strong>czwartek<\/strong>.<\/p>\n<p style=\"text-align: left;\">Koszt dostawy: <strong>15 &#8211; 18 z\u0142 <\/strong>(koszt wysy\u0142ki zostanie wliczony w cen\u0119 chleba na paragonie fiskalnym).<\/p>\n<p>Rodzaj dostawy: <strong>paczkomat<\/strong>.<\/p>\n<p>&nbsp;<\/p>\n<h2>Sk\u0142ad<\/h2>\n<ul>\n<li><strong>m\u0105ka pszenna 750*<\/strong><\/li>\n<li><strong>m\u0105ka \u017cytnia 720*<\/strong><\/li>\n<li>woda<\/li>\n<li>zakwas naturalny<\/li>\n<li>s\u00f3l<\/li>\n<\/ul>\n<p><strong>Masa netto:<\/strong> 930 g +- 3%<\/p>\n<p><strong>*<\/strong>alergeny<\/p>\n<p>&nbsp;<\/p>\n<h2>Warto\u015bci od\u017cywcze w 100 g<\/h2>\n<ul>\n<li>warto\u015b\u0107 energetyczna: 1126 kJ \/ 269 kcal<\/li>\n<li>t\u0142uszcz: 1,0 g<\/li>\n<li>w tym kwasy t\u0142uszczowe nasycone: 0,4 g<\/li>\n<li>w\u0119glowodany: 69,0 g<\/li>\n<li>w tym cukry: 0,7 g<\/li>\n<li>b\u0142onnik: 4,125 g<\/li>\n<li>bia\u0142ko: 7,6g<\/li>\n<li>s\u00f3l: 0,9 g<\/li>\n<\/ul>\n<p>&nbsp;<\/p>\n","protected":false},"excerpt":{"rendered":"<p>Wysy\u0142ka w ka\u017cd\u0105 \u015brod\u0119<\/p>\n","protected":false},"featured_media":18,"comment_status":"open","ping_status":"closed","template":"","meta":{"_acf_changed":false},"product_brand":[],"product_cat":[45,44],"product_tag":[],"shop_name":[],"region":[],"class_list":{"0":"post-15","1":"product","2":"type-product","3":"status-publish","4":"has-post-thumbnail","6":"product_cat-chleb","7":"product_cat-zywnosc","9":"first","10":"instock","11":"featured","12":"taxable","13":"shipping-taxable","14":"purchasable","15":"product-type-simple"},"acf":[],"_links":{"self":[{"href":"https:\/\/tubazarek.pl\/chleb\/wp-json\/wp\/v2\/product\/15","targetHints":{"allow":["GET"]}}],"collection":[{"href":"https:\/\/tubazarek.pl\/chleb\/wp-json\/wp\/v2\/product"}],"about":[{"href":"https:\/\/tubazarek.pl\/chleb\/wp-json\/wp\/v2\/types\/product"}],"replies":[{"embeddable":true,"href":"https:\/\/tubazarek.pl\/chleb\/wp-json\/wp\/v2\/comments?post=15"}],"wp:featuredmedia":[{"embeddable":true,"href":"https:\/\/tubazarek.pl\/chleb\/wp-json\/wp\/v2\/media\/18"}],"wp:attachment":[{"href":"https:\/\/tubazarek.pl\/chleb\/wp-json\/wp\/v2\/media?parent=15"}],"wp:term":[{"taxonomy":"product_brand","embeddable":true,"href":"https:\/\/tubazarek.pl\/chleb\/wp-json\/wp\/v2\/product_brand?post=15"},{"taxonomy":"product_cat","embeddable":true,"href":"https:\/\/tubazarek.pl\/chleb\/wp-json\/wp\/v2\/product_cat?post=15"},{"taxonomy":"product_tag","embeddable":true,"href":"https:\/\/tubazarek.pl\/chleb\/wp-json\/wp\/v2\/product_tag?post=15"},{"taxonomy":"shop_name","embeddable":true,"href":"https:\/\/tubazarek.pl\/chleb\/wp-json\/wp\/v2\/shop_name?post=15"},{"taxonomy":"region","embeddable":true,"href":"https:\/\/tubazarek.pl\/chleb\/wp-json\/wp\/v2\/region?post=15"}],"curies":[{"name":"wp","href":"https:\/\/api.w.org\/{rel}","templated":true}]}}