{"id":89,"date":"2026-03-06T12:59:50","date_gmt":"2026-03-06T12:59:50","guid":{"rendered":"https:\/\/tubazarek.pl\/chleb\/?page_id=89"},"modified":"2026-03-06T13:04:26","modified_gmt":"2026-03-06T13:04:26","slug":"regulamin-sklepu","status":"publish","type":"page","link":"https:\/\/tubazarek.pl\/chleb\/regulamin-sklepu\/","title":{"rendered":"Regulamin sklepu"},"content":{"rendered":"<p>Niniejszy Regulamin okre\u015bla zasady korzystania ze sklepu internetowego prowadzonego przez Firm\u0119 Us\u0142ugowo-Produkcyjn\u0105 S\u0142awomir Miszk\u0119 z siedzib\u0105 w Malarach<\/p>\n<div class=\"wp-block-spacer\" aria-hidden=\"true\"><\/div>\n<h2 class=\"wp-block-heading\"><strong>1. Postanowienia og\u00f3lne<\/strong><\/h2>\n<p>1.1. Sklep internetowy dost\u0119pny pod adresem\u00a0<strong>tubazarek.pl\/chleb<\/strong>\u00a0prowadzony jest przez:<\/p>\n<p>Firma Us\u0142ugowo \u2013 Produkcyjna S\u0142awomir Miszke<br \/>\nMalary 3, 83-440 Karsin,<br \/>\nNIP: 591-154-78-69;<br \/>\nREGON: 220422558;<\/p>\n<p>1.2. Kontakt ze Sprzedawc\u0105:<\/p>\n<ul class=\"wp-block-list\">\n<li>e-mail:\u00a0<a href=\"mailto:chlebzdrzewnegopieca@gmail.com\">chlebzdrzewnegopieca@gmail.com<\/a><\/li>\n<li>tel.: 606-683-196<\/li>\n<\/ul>\n<p>1.3. Niniejszy Regulamin okre\u015bla m.in.:<\/p>\n<ul class=\"wp-block-list\">\n<li>zasady sk\u0142adania i realizacji zam\u00f3wie\u0144,<\/li>\n<li>metody p\u0142atno\u015bci i dostawy,<\/li>\n<li>zasady reklamacji i odst\u0105pienia od umowy,<\/li>\n<\/ul>\n<h2 class=\"wp-block-heading\"><strong>2. Definicje<\/strong><\/h2>\n<ul class=\"wp-block-list\">\n<li>Klient \u2013 osoba fizyczna, osoba prawna lub jednostka organizacyjna nieposiadaj\u0105ca osobowo\u015bci prawnej, sk\u0142adaj\u0105ca zam\u00f3wienie.<\/li>\n<li>Towar \u2013 pieczywo rzemie\u015blnicze dost\u0119pne w sklepie.<\/li>\n<li>Regulamin \u2013 niniejszy dokument.<\/li>\n<\/ul>\n<h2 class=\"wp-block-heading\"><strong>3. Sk\u0142adanie zam\u00f3wie\u0144<\/strong><\/h2>\n<p>3.1. Zam\u00f3wienia sk\u0142ada si\u0119 poprzez stron\u0119 sklepu.<\/p>\n<p>3.2. Po z\u0142o\u017ceniu zam\u00f3wienia Klient otrzymuje automatyczne potwierdzenie na podany adres e-mail.<\/p>\n<p>3.3. Realizacja:<\/p>\n<ul class=\"wp-block-list\">\n<li>Wysy\u0142ki realizowane s\u0105 raz w tygodniu, w \u015brod\u0119. Zam\u00f3wienia z\u0142o\u017cone do wtorku do godz. godziny 18 wysy\u0142ane s\u0105 w najbli\u017csza \u015brod\u0119<\/li>\n<\/ul>\n<p>&nbsp;<\/p>\n<div aria-hidden=\"true\"><\/div>\n<h2 class=\"wp-block-heading\"><strong>4. Metody p\u0142atno\u015bci<\/strong><\/h2>\n<ul class=\"wp-block-list\">\n<li>p\u0142atno\u015bci online (przelew elektroniczny),<\/li>\n<li>BLIK,<\/li>\n<li>karta p\u0142atnicza,<\/li>\n<li>pobranie (got\u00f3wka przy odbiorze).<\/li>\n<\/ul>\n<div class=\"wp-block-spacer\" aria-hidden=\"true\"><\/div>\n<div aria-hidden=\"true\"><\/div>\n<h2 class=\"wp-block-heading\"><strong>5. Dostawa<\/strong><\/h2>\n<p>5.1. InPost (Paczkomaty)<\/p>\n<ul class=\"wp-block-list\">\n<li>standardowa dostawa: 15 z\u0142 i 18 z\u0142 \u2013 bezp\u0142atnie dla zam\u00f3wie\u0144 10 chleb\u00f3w (akcja limitowana, dost\u0119pna czasowo, oznaczona na stronie produktu)<\/li>\n<li>Szczeg\u00f3\u0142owe zasady i regulaminy dost\u0119pne na inpost.pl.<\/li>\n<\/ul>\n<div class=\"wp-block-spacer\" aria-hidden=\"true\"><\/div>\n<div aria-hidden=\"true\"><\/div>\n<h2 class=\"wp-block-heading\"><strong>6. Anulowanie i modyfikacja zam\u00f3wienia<\/strong><\/h2>\n<p>6.1. Klient mo\u017ce anulowa\u0107 lub zmieni\u0107 zam\u00f3wienie do godz. 12:00 we wtorek, dzie\u0144 przed planowan\u0105 wysy\u0142k\u0105, kontaktuj\u0105c si\u0119 mailowo lub telefonicznie.<\/p>\n<div class=\"wp-block-spacer\" aria-hidden=\"true\"><\/div>\n<div aria-hidden=\"true\"><\/div>\n<h2 class=\"wp-block-heading\"><strong>7. Prawo odst\u0105pienia od umowy<\/strong><\/h2>\n<p>7.1. Z uwagi na kr\u00f3tki termin przydatno\u015bci oferowanego pieczywa, nie przys\u0142uguje prawo odst\u0105pienia od umowy (art. 38 ust. 3 pkt 1 ustawy o prawach konsumenta).<\/p>\n<div class=\"wp-block-spacer\" aria-hidden=\"true\"><\/div>\n<div aria-hidden=\"true\"><\/div>\n<h2 class=\"wp-block-heading\"><strong>8. Reklamacje i obs\u0142uga posprzeda\u017cowa<\/strong><\/h2>\n<p>8.1. W przypadku stwierdzenia wad lub uszkodze\u0144 Towaru Klient zg\u0142asza reklamacj\u0119:<\/p>\n<ul class=\"wp-block-list\">\n<li>e-mailem:\u00a0<a href=\"mailto:chlebzdrzewnegopieca@gmail.com\">chlebzdrzewnegopieca@gmail.com<\/a><\/li>\n<li>telefonicznie:\u00a0<a href=\"tel:48606683196\">+48 606-683-196<\/a><\/li>\n<li>formularzem kontaktowym na stronie.<\/li>\n<\/ul>\n<p>8.2. Zg\u0142oszenie powinno zawiera\u0107 dane Klienta oraz opis i \u2013 je\u015bli to mo\u017cliwe \u2013 zdj\u0119cia Towaru.<\/p>\n<p>8.3. Po weryfikacji Sprzedawca zaproponuje: wymian\u0119 Towaru lub zwrot p\u0142atno\u015bci.<\/p>\n<div class=\"wp-block-spacer\" aria-hidden=\"true\"><\/div>\n<div aria-hidden=\"true\"><\/div>\n<h2 class=\"wp-block-heading\"><strong>9. Ochrona danych osobowych<\/strong><\/h2>\n<p>Szczeg\u00f3\u0142owe zasady przetwarzania danych osobowych opisuje Polityka Prywatno\u015bci dost\u0119pna pod linkiem: <a href=\"https:\/\/tubazarek.pl\/chleb\/polityka-prywatnosci\/\">Polityka prywatno\u015bci<\/a><\/p>\n<div class=\"wp-block-spacer\" aria-hidden=\"true\"><\/div>\n<div aria-hidden=\"true\"><\/div>\n<h2 class=\"wp-block-heading\"><strong>10. Postanowienia ko\u0144cowe<\/strong><\/h2>\n<ul class=\"wp-block-list\">\n<li>W sprawach nieuregulowanych niniejszym Regulaminem zastosowanie maj\u0105 przepisy Kodeksu cywilnego oraz ustawy o prawach konsumenta.<\/li>\n<li>Sprzedawca nie ponosi odpowiedzialno\u015bci za op\u00f3\u017anienia wynik\u0142e z dzia\u0142ania si\u0142y wy\u017cszej (po\u017car, pow\u00f3d\u017a, strajk).<\/li>\n<li>Ewentualne spory strony b\u0119d\u0105 stara\u0142y si\u0119 rozwi\u0105za\u0107 polubownie, a w razie braku porozumienia \u2013 b\u0119d\u0105 one rozstrzygane przez s\u0105d w\u0142a\u015bciwy dla siedziby Sprzedawcy.<\/li>\n<\/ul>\n","protected":false},"excerpt":{"rendered":"<p>Niniejszy Regulamin okre\u015bla zasady korzystania ze sklepu internetowego prowadzonego przez Firm\u0119 Us\u0142ugowo-Produkcyjn\u0105 S\u0142awomir Miszk\u0119 z siedzib\u0105 w Malarach 1. Postanowienia og\u00f3lne 1.1. Sklep internetowy dost\u0119pny pod adresem\u00a0tubazarek.pl\/chleb\u00a0prowadzony jest przez: Firma Us\u0142ugowo \u2013 Produkcyjna S\u0142awomir Miszke Malary 3, 83-440 Karsin, NIP: 591-154-78-69; REGON: 220422558; 1.2. Kontakt ze Sprzedawc\u0105: e-mail:\u00a0chlebzdrzewnegopieca@gmail.com tel.: 606-683-196 1.3. Niniejszy Regulamin okre\u015bla m.in.: [&hellip;]<\/p>\n","protected":false},"author":1,"featured_media":0,"parent":0,"menu_order":0,"comment_status":"closed","ping_status":"closed","template":"","meta":{"_acf_changed":false,"footnotes":""},"class_list":["post-89","page","type-page","status-publish","hentry"],"acf":[],"_links":{"self":[{"href":"https:\/\/tubazarek.pl\/chleb\/wp-json\/wp\/v2\/pages\/89","targetHints":{"allow":["GET"]}}],"collection":[{"href":"https:\/\/tubazarek.pl\/chleb\/wp-json\/wp\/v2\/pages"}],"about":[{"href":"https:\/\/tubazarek.pl\/chleb\/wp-json\/wp\/v2\/types\/page"}],"author":[{"embeddable":true,"href":"https:\/\/tubazarek.pl\/chleb\/wp-json\/wp\/v2\/users\/1"}],"replies":[{"embeddable":true,"href":"https:\/\/tubazarek.pl\/chleb\/wp-json\/wp\/v2\/comments?post=89"}],"version-history":[{"count":5,"href":"https:\/\/tubazarek.pl\/chleb\/wp-json\/wp\/v2\/pages\/89\/revisions"}],"predecessor-version":[{"id":94,"href":"https:\/\/tubazarek.pl\/chleb\/wp-json\/wp\/v2\/pages\/89\/revisions\/94"}],"wp:attachment":[{"href":"https:\/\/tubazarek.pl\/chleb\/wp-json\/wp\/v2\/media?parent=89"}],"curies":[{"name":"wp","href":"https:\/\/api.w.org\/{rel}","templated":true}]}}